{"id":57,"date":"2022-03-23T08:52:32","date_gmt":"2022-03-23T07:52:32","guid":{"rendered":"https:\/\/melusina.fr\/decouvertes\/?page_id=57"},"modified":"2022-03-23T10:02:13","modified_gmt":"2022-03-23T09:02:13","slug":"equipement","status":"publish","type":"page","link":"https:\/\/melusina.fr\/decouvertes\/equipement\/","title":{"rendered":"Equipement"},"content":{"rendered":"<p>L&rsquo;\u00e9quipement en standard et accessoires fournis sont pr\u00e9sent\u00e9s ci-apr\u00e8s.<\/p>\n<p style=\"text-align: center;\"><strong><span style=\"color: #ff00ff;\">Les estrades<\/span><\/strong><\/p>\n<p>Ces plateformes vous permettent d&rsquo;exposer vos produits.<br \/>\nCelle de la grande vitrine est de dimensions : 240&#215;80 cm.<br \/>\nCelle de la petite vitrine est de dimensions : 140&#215;80 cm<\/p>\n<p>Ces \u00e9l\u00e9ments vous permettent de pr\u00e9senter vos <strong>produits physiques<\/strong> ou en <strong>visuels<\/strong>.<\/p>\n<p style=\"text-align: center;\"><strong><span style=\"color: #ff00ff;\">Le panneau arri\u00e8re<\/span><\/strong><\/p>\n<p>Il constitue un <strong>point attractif fort<\/strong> de votre communication.<br \/>\nSon format est de 190&#215;80 cm<br \/>\nIl peut recevoir une grande affiche (par exemple : 80x120cm) ou diff\u00e9rents visuels de formats uniques ou diff\u00e9rents<\/p>\n\n\t\t<div class=\"clearfix\"><\/div>\n\t\t<hr style=\"margin-top:20px; margin-bottom:20px;\" class=\"divider divider-dashed\">\n\t\n<p><em><strong>Les accessoires suivants vous sont disponibles. Libre \u00e0 vous de les utiliser ou pas.<\/strong><\/em><\/p>\n<p style=\"text-align: center;\"><strong><span style=\"color: #ff00ff;\">Les totems<\/span><\/strong><\/p>\n<p><img loading=\"lazy\" decoding=\"async\" class=\"aligncenter size-full wp-image-65\" src=\"https:\/\/melusina.fr\/decouvertes\/wp-content\/uploads\/sites\/3\/2022\/03\/bornes-infos.jpg\" alt=\"Les totems et bornes infos de Melusina D\u00e9couvertes\" width=\"800\" height=\"600\" srcset=\"https:\/\/melusina.fr\/decouvertes\/wp-content\/uploads\/sites\/3\/2022\/03\/bornes-infos.jpg 800w, https:\/\/melusina.fr\/decouvertes\/wp-content\/uploads\/sites\/3\/2022\/03\/bornes-infos-300x225.jpg 300w, https:\/\/melusina.fr\/decouvertes\/wp-content\/uploads\/sites\/3\/2022\/03\/bornes-infos-768x576.jpg 768w, https:\/\/melusina.fr\/decouvertes\/wp-content\/uploads\/sites\/3\/2022\/03\/bornes-infos-600x450.jpg 600w\" sizes=\"auto, (max-width: 800px) 100vw, 800px\" \/><\/p>\n<p>Nous mettons \u00e0 votre disposition <strong>2 totems<\/strong> disposant de zones d&rsquo;affichage de divers documents au format A4 . En tout 6 emplacements utiles \u00e0 informer sur votre activit\u00e9.<br \/>\nHauteur : 160cm \/ Largeur : 37 cm<\/p>\n<p style=\"text-align: center;\"><strong><span style=\"color: #ff00ff;\">Le point \u00ab\u00a0infos\u00a0\u00bb<\/span><\/strong><\/p>\n<p>Est constitu\u00e9 d&rsquo;un panneau au format 37&#215;1\u00a70cm positionn\u00e9 en contre-vitrine.<br \/>\nIl dispose \u00e9galement de 6 emplacements pour r\u00e9pondre \u00e0 vos besoins de publication d&rsquo;informations.<\/p>\n<p style=\"text-align: center;\"><span style=\"color: #ff00ff;\"><strong>Les blocs<\/strong><\/span><\/p>\n<p>Ils vous permettent de pr\u00e9senter dimensionnellement vos produits. Ils sont au nombre de 4.<\/p>\n<p><strong>D&rsquo;autres \u00e9quipements vous seront \u00e9galement propos\u00e9s prochainement.<\/strong><\/p>\n","protected":false},"excerpt":{"rendered":"<p>L&rsquo;\u00e9quipement en standard et accessoires fournis sont pr\u00e9sent\u00e9s ci-apr\u00e8s. Les estrades Ces plateformes vous permettent d&rsquo;exposer vos produits. Celle de la grande vitrine est de dimensions : 240&#215;80 cm. Celle de la petite vitrine est de dimensions : 140&#215;80 cm Ces \u00e9l\u00e9ments vous permettent de pr\u00e9senter vos produits physiques ou en visuels. Le panneau arri\u00e8re &hellip;<\/p>\n","protected":false},"author":1,"featured_media":67,"parent":0,"menu_order":0,"comment_status":"closed","ping_status":"closed","template":"","meta":{"footnotes":""},"class_list":["post-57","page","type-page","status-publish","has-post-thumbnail","hentry"],"yoast_head":"<!-- This site is optimized with the Yoast SEO Premium plugin v26.2 (Yoast SEO v27.5) - https:\/\/yoast.com\/product\/yoast-seo-premium-wordpress\/ -->\n<title>Equipement - Melusina D\u00e9couvertes<\/title>\n<meta name=\"robots\" content=\"index, follow, max-snippet:-1, max-image-preview:large, max-video-preview:-1\" \/>\n<link rel=\"canonical\" href=\"https:\/\/melusina.fr\/decouvertes\/equipement\/\" \/>\n<meta property=\"og:locale\" content=\"fr_FR\" \/>\n<meta property=\"og:type\" content=\"article\" \/>\n<meta property=\"og:title\" content=\"Equipement\" \/>\n<meta property=\"og:description\" content=\"L&rsquo;\u00e9quipement en standard et accessoires fournis sont pr\u00e9sent\u00e9s ci-apr\u00e8s. Les estrades Ces plateformes vous permettent d&rsquo;exposer vos produits. Celle de la grande vitrine est de dimensions : 240&#215;80 cm. Celle de la petite vitrine est de dimensions : 140&#215;80 cm Ces \u00e9l\u00e9ments vous permettent de pr\u00e9senter vos produits physiques ou en visuels. Le panneau arri\u00e8re &hellip;\" \/>\n<meta property=\"og:url\" content=\"https:\/\/melusina.fr\/decouvertes\/equipement\/\" \/>\n<meta property=\"og:site_name\" content=\"Melusina D\u00e9couvertes\" \/>\n<meta property=\"article:modified_time\" content=\"2022-03-23T09:02:13+00:00\" \/>\n<meta property=\"og:image\" content=\"https:\/\/melusina.fr\/decouvertes\/wp-content\/uploads\/sites\/3\/2022\/03\/equipements.jpg\" \/>\n\t<meta property=\"og:image:width\" content=\"800\" \/>\n\t<meta property=\"og:image:height\" content=\"600\" \/>\n\t<meta property=\"og:image:type\" content=\"image\/jpeg\" \/>\n<meta name=\"twitter:card\" content=\"summary_large_image\" \/>\n<meta name=\"twitter:label1\" content=\"Dur\u00e9e de lecture estim\u00e9e\" \/>\n\t<meta name=\"twitter:data1\" content=\"1 minute\" \/>\n<script type=\"application\/ld+json\" class=\"yoast-schema-graph\">{\"@context\":\"https:\\\/\\\/schema.org\",\"@graph\":[{\"@type\":\"WebPage\",\"@id\":\"https:\\\/\\\/melusina.fr\\\/decouvertes\\\/equipement\\\/\",\"url\":\"https:\\\/\\\/melusina.fr\\\/decouvertes\\\/equipement\\\/\",\"name\":\"Equipement - Melusina D\u00e9couvertes\",\"isPartOf\":{\"@id\":\"https:\\\/\\\/melusina.fr\\\/decouvertes\\\/#website\"},\"primaryImageOfPage\":{\"@id\":\"https:\\\/\\\/melusina.fr\\\/decouvertes\\\/equipement\\\/#primaryimage\"},\"image\":{\"@id\":\"https:\\\/\\\/melusina.fr\\\/decouvertes\\\/equipement\\\/#primaryimage\"},\"thumbnailUrl\":\"https:\\\/\\\/melusina.fr\\\/decouvertes\\\/wp-content\\\/uploads\\\/sites\\\/3\\\/2022\\\/03\\\/equipements.jpg\",\"datePublished\":\"2022-03-23T07:52:32+00:00\",\"dateModified\":\"2022-03-23T09:02:13+00:00\",\"breadcrumb\":{\"@id\":\"https:\\\/\\\/melusina.fr\\\/decouvertes\\\/equipement\\\/#breadcrumb\"},\"inLanguage\":\"fr-FR\",\"potentialAction\":[{\"@type\":\"ReadAction\",\"target\":[\"https:\\\/\\\/melusina.fr\\\/decouvertes\\\/equipement\\\/\"]}]},{\"@type\":\"ImageObject\",\"inLanguage\":\"fr-FR\",\"@id\":\"https:\\\/\\\/melusina.fr\\\/decouvertes\\\/equipement\\\/#primaryimage\",\"url\":\"https:\\\/\\\/melusina.fr\\\/decouvertes\\\/wp-content\\\/uploads\\\/sites\\\/3\\\/2022\\\/03\\\/equipements.jpg\",\"contentUrl\":\"https:\\\/\\\/melusina.fr\\\/decouvertes\\\/wp-content\\\/uploads\\\/sites\\\/3\\\/2022\\\/03\\\/equipements.jpg\",\"width\":800,\"height\":600,\"caption\":\"Equipements disponible pour la vitrine Melusina d\u00e9couvertes\"},{\"@type\":\"BreadcrumbList\",\"@id\":\"https:\\\/\\\/melusina.fr\\\/decouvertes\\\/equipement\\\/#breadcrumb\",\"itemListElement\":[{\"@type\":\"ListItem\",\"position\":1,\"name\":\"Accueil\",\"item\":\"https:\\\/\\\/melusina.fr\\\/decouvertes\\\/\"},{\"@type\":\"ListItem\",\"position\":2,\"name\":\"Equipement\"}]},{\"@type\":\"WebSite\",\"@id\":\"https:\\\/\\\/melusina.fr\\\/decouvertes\\\/#website\",\"url\":\"https:\\\/\\\/melusina.fr\\\/decouvertes\\\/\",\"name\":\"Melusina D\u00e9couvertes\",\"description\":\"Un site utilisant Les sites de Melusina\",\"potentialAction\":[{\"@type\":\"SearchAction\",\"target\":{\"@type\":\"EntryPoint\",\"urlTemplate\":\"https:\\\/\\\/melusina.fr\\\/decouvertes\\\/?s={search_term_string}\"},\"query-input\":{\"@type\":\"PropertyValueSpecification\",\"valueRequired\":true,\"valueName\":\"search_term_string\"}}],\"inLanguage\":\"fr-FR\"}]}<\/script>\n<!-- \/ Yoast SEO Premium plugin. -->","yoast_head_json":{"title":"Equipement - Melusina D\u00e9couvertes","robots":{"index":"index","follow":"follow","max-snippet":"max-snippet:-1","max-image-preview":"max-image-preview:large","max-video-preview":"max-video-preview:-1"},"canonical":"https:\/\/melusina.fr\/decouvertes\/equipement\/","og_locale":"fr_FR","og_type":"article","og_title":"Equipement","og_description":"L&rsquo;\u00e9quipement en standard et accessoires fournis sont pr\u00e9sent\u00e9s ci-apr\u00e8s. Les estrades Ces plateformes vous permettent d&rsquo;exposer vos produits. Celle de la grande vitrine est de dimensions : 240&#215;80 cm. Celle de la petite vitrine est de dimensions : 140&#215;80 cm Ces \u00e9l\u00e9ments vous permettent de pr\u00e9senter vos produits physiques ou en visuels. Le panneau arri\u00e8re &hellip;","og_url":"https:\/\/melusina.fr\/decouvertes\/equipement\/","og_site_name":"Melusina D\u00e9couvertes","article_modified_time":"2022-03-23T09:02:13+00:00","og_image":[{"width":800,"height":600,"url":"https:\/\/melusina.fr\/decouvertes\/wp-content\/uploads\/sites\/3\/2022\/03\/equipements.jpg","type":"image\/jpeg"}],"twitter_card":"summary_large_image","twitter_misc":{"Dur\u00e9e de lecture estim\u00e9e":"1 minute"},"schema":{"@context":"https:\/\/schema.org","@graph":[{"@type":"WebPage","@id":"https:\/\/melusina.fr\/decouvertes\/equipement\/","url":"https:\/\/melusina.fr\/decouvertes\/equipement\/","name":"Equipement - Melusina D\u00e9couvertes","isPartOf":{"@id":"https:\/\/melusina.fr\/decouvertes\/#website"},"primaryImageOfPage":{"@id":"https:\/\/melusina.fr\/decouvertes\/equipement\/#primaryimage"},"image":{"@id":"https:\/\/melusina.fr\/decouvertes\/equipement\/#primaryimage"},"thumbnailUrl":"https:\/\/melusina.fr\/decouvertes\/wp-content\/uploads\/sites\/3\/2022\/03\/equipements.jpg","datePublished":"2022-03-23T07:52:32+00:00","dateModified":"2022-03-23T09:02:13+00:00","breadcrumb":{"@id":"https:\/\/melusina.fr\/decouvertes\/equipement\/#breadcrumb"},"inLanguage":"fr-FR","potentialAction":[{"@type":"ReadAction","target":["https:\/\/melusina.fr\/decouvertes\/equipement\/"]}]},{"@type":"ImageObject","inLanguage":"fr-FR","@id":"https:\/\/melusina.fr\/decouvertes\/equipement\/#primaryimage","url":"https:\/\/melusina.fr\/decouvertes\/wp-content\/uploads\/sites\/3\/2022\/03\/equipements.jpg","contentUrl":"https:\/\/melusina.fr\/decouvertes\/wp-content\/uploads\/sites\/3\/2022\/03\/equipements.jpg","width":800,"height":600,"caption":"Equipements disponible pour la vitrine Melusina d\u00e9couvertes"},{"@type":"BreadcrumbList","@id":"https:\/\/melusina.fr\/decouvertes\/equipement\/#breadcrumb","itemListElement":[{"@type":"ListItem","position":1,"name":"Accueil","item":"https:\/\/melusina.fr\/decouvertes\/"},{"@type":"ListItem","position":2,"name":"Equipement"}]},{"@type":"WebSite","@id":"https:\/\/melusina.fr\/decouvertes\/#website","url":"https:\/\/melusina.fr\/decouvertes\/","name":"Melusina D\u00e9couvertes","description":"Un site utilisant Les sites de Melusina","potentialAction":[{"@type":"SearchAction","target":{"@type":"EntryPoint","urlTemplate":"https:\/\/melusina.fr\/decouvertes\/?s={search_term_string}"},"query-input":{"@type":"PropertyValueSpecification","valueRequired":true,"valueName":"search_term_string"}}],"inLanguage":"fr-FR"}]}},"_links":{"self":[{"href":"https:\/\/melusina.fr\/decouvertes\/wp-json\/wp\/v2\/pages\/57","targetHints":{"allow":["GET"]}}],"collection":[{"href":"https:\/\/melusina.fr\/decouvertes\/wp-json\/wp\/v2\/pages"}],"about":[{"href":"https:\/\/melusina.fr\/decouvertes\/wp-json\/wp\/v2\/types\/page"}],"author":[{"embeddable":true,"href":"https:\/\/melusina.fr\/decouvertes\/wp-json\/wp\/v2\/users\/1"}],"replies":[{"embeddable":true,"href":"https:\/\/melusina.fr\/decouvertes\/wp-json\/wp\/v2\/comments?post=57"}],"version-history":[{"count":5,"href":"https:\/\/melusina.fr\/decouvertes\/wp-json\/wp\/v2\/pages\/57\/revisions"}],"predecessor-version":[{"id":66,"href":"https:\/\/melusina.fr\/decouvertes\/wp-json\/wp\/v2\/pages\/57\/revisions\/66"}],"wp:featuredmedia":[{"embeddable":true,"href":"https:\/\/melusina.fr\/decouvertes\/wp-json\/wp\/v2\/media\/67"}],"wp:attachment":[{"href":"https:\/\/melusina.fr\/decouvertes\/wp-json\/wp\/v2\/media?parent=57"}],"curies":[{"name":"wp","href":"https:\/\/api.w.org\/{rel}","templated":true}]}}