{"id":19,"date":"2022-03-22T17:30:06","date_gmt":"2022-03-22T16:30:06","guid":{"rendered":"https:\/\/melusina.fr\/decouvertes\/?page_id=19"},"modified":"2022-03-23T12:00:17","modified_gmt":"2022-03-23T11:00:17","slug":"pourquoi","status":"publish","type":"page","link":"https:\/\/melusina.fr\/decouvertes\/pourquoi\/","title":{"rendered":"Pourquoi ?"},"content":{"rendered":"<blockquote><p>M\u00e9lusina D\u00e9couvertes est une solution sans contraintes et accessible \u00e0 tous<br \/>\nExaminez quelques avantages fondamentaux de cette solution<\/p><\/blockquote>\n<p>&nbsp;<\/p>\n<p>&#8211; <span style=\"color: #99cc00;\"><strong>Pas de bail commercial<\/strong><\/span> ou autre carcan administratif<br \/>\n&#8211; <span style=\"color: #99cc00;\"><strong>Pas de formalit\u00e9s<\/strong><\/span> particuli\u00e8res<br \/>\n&#8211; <span style=\"color: #99cc00;\"><strong>Pas de frais et charges<\/strong><\/span> suppl\u00e9mentaires<br \/>\n&#8211; <span style=\"color: #99cc00;\"><strong>Pas de dur\u00e9e annuelle<\/strong><\/span> impos\u00e9e<br \/>\n&#8211; <span style=\"color: #99cc00;\"><strong>Pas de contraintes<\/strong><\/span> d\u2019aucune sortes<br \/>\n&#8211; <span style=\"color: #99cc00;\"><strong>Pas de frais de personnel<\/strong><\/span><br \/>\n&#8211; <strong><span style=\"color: #99cc00;\">Pas de frais public<\/span>s<\/strong><br \/>\n&#8211; <span style=\"color: #99cc00;\"><strong>Pas limit\u00e9<\/strong><\/span> : car disponible \u00e0 tous<\/p>\n<h3 style=\"text-align: center;\">Les \u00ab encore plus \u00bb<\/h3>\n<p>&#8211; <span style=\"color: #99cc00;\"><strong>S\u00e9curit\u00e9 Covid<\/strong><\/span><br \/>\nVous pr\u00e9sentez votre activit\u00e9 sans contact avec la client\u00e8le<br \/>\n&#8211;<span style=\"color: #99cc00;\"><strong> Autonomie<\/strong><\/span><br \/>\nVous arrangez et pr\u00e9sentez vos produits en pr\u00e9sentoir ou \u00e0 votre convenance<br \/>\n&#8211;<span style=\"color: #99cc00;\"><strong> Economie<\/strong><\/span><br \/>\nMoins cher qu\u2019une annonce publicitaire<br \/>\n&#8211; <span style=\"color: #99cc00;\"><strong>Pluri-m\u00e9dias<\/strong><\/span><br \/>\nVous pouvez pr\u00e9senter vos activit\u00e9s et les relier \u00e0 votre site web ou\/et r\u00e9seaux sociaux<\/p>\n","protected":false},"excerpt":{"rendered":"<p>M\u00e9lusina D\u00e9couvertes est une solution sans contraintes et accessible \u00e0 tous Examinez quelques avantages fondamentaux de cette solution &nbsp; &#8211; Pas de bail commercial ou autre carcan administratif &#8211; Pas de formalit\u00e9s particuli\u00e8res &#8211; Pas de frais et charges suppl\u00e9mentaires &#8211; Pas de dur\u00e9e annuelle impos\u00e9e &#8211; Pas de contraintes d\u2019aucune sortes &#8211; Pas de &hellip;<\/p>\n","protected":false},"author":1,"featured_media":0,"parent":0,"menu_order":0,"comment_status":"closed","ping_status":"closed","template":"","meta":{"footnotes":""},"class_list":["post-19","page","type-page","status-publish","hentry"],"yoast_head":"<!-- This site is optimized with the Yoast SEO Premium plugin v26.2 (Yoast SEO v27.5) - https:\/\/yoast.com\/product\/yoast-seo-premium-wordpress\/ -->\n<title>Pourquoi ? - Melusina D\u00e9couvertes<\/title>\n<meta name=\"robots\" content=\"index, follow, max-snippet:-1, max-image-preview:large, max-video-preview:-1\" \/>\n<link rel=\"canonical\" href=\"https:\/\/melusina.fr\/decouvertes\/pourquoi\/\" \/>\n<meta property=\"og:locale\" content=\"fr_FR\" \/>\n<meta property=\"og:type\" content=\"article\" \/>\n<meta property=\"og:title\" content=\"Pourquoi ?\" \/>\n<meta property=\"og:description\" content=\"M\u00e9lusina D\u00e9couvertes est une solution sans contraintes et accessible \u00e0 tous Examinez quelques avantages fondamentaux de cette solution &nbsp; &#8211; Pas de bail commercial ou autre carcan administratif &#8211; Pas de formalit\u00e9s particuli\u00e8res &#8211; Pas de frais et charges suppl\u00e9mentaires &#8211; Pas de dur\u00e9e annuelle impos\u00e9e &#8211; Pas de contraintes d\u2019aucune sortes &#8211; Pas de &hellip;\" \/>\n<meta property=\"og:url\" content=\"https:\/\/melusina.fr\/decouvertes\/pourquoi\/\" \/>\n<meta property=\"og:site_name\" content=\"Melusina D\u00e9couvertes\" \/>\n<meta property=\"article:modified_time\" content=\"2022-03-23T11:00:17+00:00\" \/>\n<meta name=\"twitter:card\" content=\"summary_large_image\" \/>\n<meta name=\"twitter:label1\" content=\"Dur\u00e9e de lecture estim\u00e9e\" \/>\n\t<meta name=\"twitter:data1\" content=\"1 minute\" \/>\n<script type=\"application\/ld+json\" class=\"yoast-schema-graph\">{\"@context\":\"https:\\\/\\\/schema.org\",\"@graph\":[{\"@type\":\"WebPage\",\"@id\":\"https:\\\/\\\/melusina.fr\\\/decouvertes\\\/pourquoi\\\/\",\"url\":\"https:\\\/\\\/melusina.fr\\\/decouvertes\\\/pourquoi\\\/\",\"name\":\"Pourquoi ? - Melusina D\u00e9couvertes\",\"isPartOf\":{\"@id\":\"https:\\\/\\\/melusina.fr\\\/decouvertes\\\/#website\"},\"datePublished\":\"2022-03-22T16:30:06+00:00\",\"dateModified\":\"2022-03-23T11:00:17+00:00\",\"breadcrumb\":{\"@id\":\"https:\\\/\\\/melusina.fr\\\/decouvertes\\\/pourquoi\\\/#breadcrumb\"},\"inLanguage\":\"fr-FR\",\"potentialAction\":[{\"@type\":\"ReadAction\",\"target\":[\"https:\\\/\\\/melusina.fr\\\/decouvertes\\\/pourquoi\\\/\"]}]},{\"@type\":\"BreadcrumbList\",\"@id\":\"https:\\\/\\\/melusina.fr\\\/decouvertes\\\/pourquoi\\\/#breadcrumb\",\"itemListElement\":[{\"@type\":\"ListItem\",\"position\":1,\"name\":\"Accueil\",\"item\":\"https:\\\/\\\/melusina.fr\\\/decouvertes\\\/\"},{\"@type\":\"ListItem\",\"position\":2,\"name\":\"Pourquoi ?\"}]},{\"@type\":\"WebSite\",\"@id\":\"https:\\\/\\\/melusina.fr\\\/decouvertes\\\/#website\",\"url\":\"https:\\\/\\\/melusina.fr\\\/decouvertes\\\/\",\"name\":\"Melusina D\u00e9couvertes\",\"description\":\"Un site utilisant Les sites de Melusina\",\"potentialAction\":[{\"@type\":\"SearchAction\",\"target\":{\"@type\":\"EntryPoint\",\"urlTemplate\":\"https:\\\/\\\/melusina.fr\\\/decouvertes\\\/?s={search_term_string}\"},\"query-input\":{\"@type\":\"PropertyValueSpecification\",\"valueRequired\":true,\"valueName\":\"search_term_string\"}}],\"inLanguage\":\"fr-FR\"}]}<\/script>\n<!-- \/ Yoast SEO Premium plugin. -->","yoast_head_json":{"title":"Pourquoi ? - Melusina D\u00e9couvertes","robots":{"index":"index","follow":"follow","max-snippet":"max-snippet:-1","max-image-preview":"max-image-preview:large","max-video-preview":"max-video-preview:-1"},"canonical":"https:\/\/melusina.fr\/decouvertes\/pourquoi\/","og_locale":"fr_FR","og_type":"article","og_title":"Pourquoi ?","og_description":"M\u00e9lusina D\u00e9couvertes est une solution sans contraintes et accessible \u00e0 tous Examinez quelques avantages fondamentaux de cette solution &nbsp; &#8211; Pas de bail commercial ou autre carcan administratif &#8211; Pas de formalit\u00e9s particuli\u00e8res &#8211; Pas de frais et charges suppl\u00e9mentaires &#8211; Pas de dur\u00e9e annuelle impos\u00e9e &#8211; Pas de contraintes d\u2019aucune sortes &#8211; Pas de &hellip;","og_url":"https:\/\/melusina.fr\/decouvertes\/pourquoi\/","og_site_name":"Melusina D\u00e9couvertes","article_modified_time":"2022-03-23T11:00:17+00:00","twitter_card":"summary_large_image","twitter_misc":{"Dur\u00e9e de lecture estim\u00e9e":"1 minute"},"schema":{"@context":"https:\/\/schema.org","@graph":[{"@type":"WebPage","@id":"https:\/\/melusina.fr\/decouvertes\/pourquoi\/","url":"https:\/\/melusina.fr\/decouvertes\/pourquoi\/","name":"Pourquoi ? - Melusina D\u00e9couvertes","isPartOf":{"@id":"https:\/\/melusina.fr\/decouvertes\/#website"},"datePublished":"2022-03-22T16:30:06+00:00","dateModified":"2022-03-23T11:00:17+00:00","breadcrumb":{"@id":"https:\/\/melusina.fr\/decouvertes\/pourquoi\/#breadcrumb"},"inLanguage":"fr-FR","potentialAction":[{"@type":"ReadAction","target":["https:\/\/melusina.fr\/decouvertes\/pourquoi\/"]}]},{"@type":"BreadcrumbList","@id":"https:\/\/melusina.fr\/decouvertes\/pourquoi\/#breadcrumb","itemListElement":[{"@type":"ListItem","position":1,"name":"Accueil","item":"https:\/\/melusina.fr\/decouvertes\/"},{"@type":"ListItem","position":2,"name":"Pourquoi ?"}]},{"@type":"WebSite","@id":"https:\/\/melusina.fr\/decouvertes\/#website","url":"https:\/\/melusina.fr\/decouvertes\/","name":"Melusina D\u00e9couvertes","description":"Un site utilisant Les sites de Melusina","potentialAction":[{"@type":"SearchAction","target":{"@type":"EntryPoint","urlTemplate":"https:\/\/melusina.fr\/decouvertes\/?s={search_term_string}"},"query-input":{"@type":"PropertyValueSpecification","valueRequired":true,"valueName":"search_term_string"}}],"inLanguage":"fr-FR"}]}},"_links":{"self":[{"href":"https:\/\/melusina.fr\/decouvertes\/wp-json\/wp\/v2\/pages\/19","targetHints":{"allow":["GET"]}}],"collection":[{"href":"https:\/\/melusina.fr\/decouvertes\/wp-json\/wp\/v2\/pages"}],"about":[{"href":"https:\/\/melusina.fr\/decouvertes\/wp-json\/wp\/v2\/types\/page"}],"author":[{"embeddable":true,"href":"https:\/\/melusina.fr\/decouvertes\/wp-json\/wp\/v2\/users\/1"}],"replies":[{"embeddable":true,"href":"https:\/\/melusina.fr\/decouvertes\/wp-json\/wp\/v2\/comments?post=19"}],"version-history":[{"count":4,"href":"https:\/\/melusina.fr\/decouvertes\/wp-json\/wp\/v2\/pages\/19\/revisions"}],"predecessor-version":[{"id":75,"href":"https:\/\/melusina.fr\/decouvertes\/wp-json\/wp\/v2\/pages\/19\/revisions\/75"}],"wp:attachment":[{"href":"https:\/\/melusina.fr\/decouvertes\/wp-json\/wp\/v2\/media?parent=19"}],"curies":[{"name":"wp","href":"https:\/\/api.w.org\/{rel}","templated":true}]}}