{"id":15,"date":"2022-03-22T17:27:59","date_gmt":"2022-03-22T16:27:59","guid":{"rendered":"https:\/\/melusina.fr\/decouvertes\/?page_id=15"},"modified":"2022-03-23T13:24:34","modified_gmt":"2022-03-23T12:24:34","slug":"cest-ou","status":"publish","type":"page","link":"https:\/\/melusina.fr\/decouvertes\/cest-ou\/","title":{"rendered":"C&rsquo;est o\u00f9 ?"},"content":{"rendered":"<blockquote><p>Un emplacement strat\u00e9gique et ses points forts<\/p><\/blockquote>\n<p>Le <span style=\"color: #99cc00;\"><strong>coeur du centre ville<\/strong> <\/span>demeure un endroit incontournable et<span style=\"color: #99cc00;\"><strong> le plus fr\u00e9quent\u00e9 de Loudun<\/strong><\/span>.<\/p>\n<p>R\u00e9sidents, locaux ou encore vacanciers y viennent pour les <span style=\"color: #99cc00;\"><strong>march\u00e9s<\/strong> <\/span>du mardi et du samedi.<br \/>\nLes Loudunais viennent \u00e0 la <span style=\"color: #99cc00;\"><strong>m\u00e9diath\u00e8que<\/strong>.<\/span> Voir une <span style=\"color: #99cc00;\">e<strong>xpo \u00e0 la Coll\u00e9giale<\/strong><\/span> Ste-Croix ou<span style=\"color: #99cc00;\"> <strong>assister \u00e0 un concert<\/strong><\/span> ou p<strong>articiper \u00e0 une <span style=\"color: #99cc00;\">manifestation publique<\/span><\/strong><span style=\"color: #99cc00;\">.<\/span><\/p>\n<p>D\u2019autres encore viennent <span style=\"color: #99cc00;\"><strong>chercher un colis<\/strong><\/span> dans le relais, prendre leurs m\u00e9dicaments \u00e0 la<span style=\"color: #99cc00;\"><strong> pharmacie<\/strong><\/span>, chercher <span style=\"color: #99cc00;\">l<\/span><strong><span style=\"color: #99cc00;\">a bonne affaire au Silo<\/span>.<\/strong><\/p>\n<p>Les<span style=\"color: #99cc00;\"> <strong>touristes<\/strong><\/span> trouvent l\u00e0 le d\u00e9but et la fin de leurs parcours de visite de la ville.<br \/>\nC\u2019est l\u00e0 aussi que toutes les <span style=\"color: #99cc00;\"><strong>festivit\u00e9s populaires<\/strong><\/span> de rue ont lieu.<\/p>\n<p>Et tout un chacun peut venir s\u2019y d\u00e9tendre et se restaurer dans les <span style=\"color: #99cc00;\"><strong>bars et restaurants<\/strong><\/span> autour de la place.<\/p>\n<h2 style=\"text-align: center;\"><span style=\"color: #ff9900;\">L\u2019espace \u00ab Melusina D\u00e9couvertes \u00bb<\/span><\/h2>\n<p>Un b\u00e2timent historique admirablement restaur\u00e9, tr\u00f4ne dans cet environnement privil\u00e9gi\u00e9.<br \/>\nIl a \u00e9t\u00e9 choisi par la f\u00e9e M\u00e9lusine pour vous y proposer des <span style=\"color: #99cc00;\"><strong>espaces in\u00e9dits et valeureux<\/strong> <\/span>au coeur m\u00eame du <span style=\"color: #99cc00;\"><strong>centre ville de loudun<\/strong>.<\/span><\/p>\n<h2 style=\"text-align: center;\"><span style=\"color: #ff9900;\">Des vitrines pour votre communication<\/span><\/h2>\n<p><img loading=\"lazy\" decoding=\"async\" class=\"aligncenter size-full wp-image-70\" src=\"https:\/\/melusina.fr\/decouvertes\/wp-content\/uploads\/sites\/3\/2022\/03\/batiment-melusina-fac\u0327ade.jpg\" alt=\"L'immeuble Melusina accueille au rez-de-chauss\u00e9e l'espace D\u00e9couvertes\" width=\"800\" height=\"600\" srcset=\"https:\/\/melusina.fr\/decouvertes\/wp-content\/uploads\/sites\/3\/2022\/03\/batiment-melusina-fac\u0327ade.jpg 800w, https:\/\/melusina.fr\/decouvertes\/wp-content\/uploads\/sites\/3\/2022\/03\/batiment-melusina-fac\u0327ade-300x225.jpg 300w, https:\/\/melusina.fr\/decouvertes\/wp-content\/uploads\/sites\/3\/2022\/03\/batiment-melusina-fac\u0327ade-768x576.jpg 768w, https:\/\/melusina.fr\/decouvertes\/wp-content\/uploads\/sites\/3\/2022\/03\/batiment-melusina-fac\u0327ade-600x450.jpg 600w\" sizes=\"auto, (max-width: 800px) 100vw, 800px\" \/><\/p>\n<p>Les vitrines de l\u2019espace <span style=\"color: #99cc00;\"><strong>Melusina D\u00e9couvertes<\/strong><\/span> vous sont ainsi mises \u00e0 disposition pour <span style=\"color: #99cc00;\"><strong>propulser votre communication<\/strong><\/span>.<\/p>\n<p>En plus du potentiel strat\u00e9gique pr\u00e9sent\u00e9 ci-dessus, la grande vitrine donnant sur la place Urbain Grandier est <span style=\"color: #99cc00;\"><strong>face aux parkings<\/strong><\/span> et forme un point visuel phare de tous les points de la place.<\/p>\n<p>Quant \u00e0 la petite vitrine, elle est situ\u00e9e <span style=\"color: #99cc00;\"><strong>face \u00e0 l\u2019entr\u00e9e des Halles<\/strong><\/span>. Elle pr\u00e9sente une <strong>visibilit\u00e9 maximale<\/strong> pour les personnes fr\u00e9quentant les Halles mais aussi aux nombreux passants de la rue.<\/p>\n<p><span style=\"color: #ff9900;\"><em><strong>Alors avec M\u00e9lusine profitez d\u2019un espace unique et in\u00e9dit pour vous faire voir, exposer vos produits ou les promotionner pour en faire profiter votre activit\u00e9.<\/strong><\/em><\/span><\/p>\n<p style=\"text-align: center;\"><span style=\"color: #99cc00;\"><strong>Et cerise sur le g\u00e2teau, tout le monde peut le faire !<\/strong><\/span><\/p>\n","protected":false},"excerpt":{"rendered":"<p>Un emplacement strat\u00e9gique et ses points forts Le coeur du centre ville demeure un endroit incontournable et le plus fr\u00e9quent\u00e9 de Loudun. R\u00e9sidents, locaux ou encore vacanciers y viennent pour les march\u00e9s du mardi et du samedi. Les Loudunais viennent \u00e0 la m\u00e9diath\u00e8que. Voir une expo \u00e0 la Coll\u00e9giale Ste-Croix ou assister \u00e0 un concert &hellip;<\/p>\n","protected":false},"author":1,"featured_media":69,"parent":0,"menu_order":0,"comment_status":"closed","ping_status":"closed","template":"","meta":{"footnotes":""},"class_list":["post-15","page","type-page","status-publish","has-post-thumbnail","hentry"],"yoast_head":"<!-- This site is optimized with the Yoast SEO Premium plugin v26.2 (Yoast SEO v27.3) - https:\/\/yoast.com\/product\/yoast-seo-premium-wordpress\/ -->\n<title>C&#039;est o\u00f9 ? - Melusina D\u00e9couvertes<\/title>\n<meta name=\"robots\" content=\"index, follow, max-snippet:-1, max-image-preview:large, max-video-preview:-1\" \/>\n<link rel=\"canonical\" href=\"https:\/\/melusina.fr\/decouvertes\/cest-ou\/\" \/>\n<meta property=\"og:locale\" content=\"fr_FR\" \/>\n<meta property=\"og:type\" content=\"article\" \/>\n<meta property=\"og:title\" content=\"C&#039;est o\u00f9 ?\" \/>\n<meta property=\"og:description\" content=\"Un emplacement strat\u00e9gique et ses points forts Le coeur du centre ville demeure un endroit incontournable et le plus fr\u00e9quent\u00e9 de Loudun. R\u00e9sidents, locaux ou encore vacanciers y viennent pour les march\u00e9s du mardi et du samedi. Les Loudunais viennent \u00e0 la m\u00e9diath\u00e8que. Voir une expo \u00e0 la Coll\u00e9giale Ste-Croix ou assister \u00e0 un concert &hellip;\" \/>\n<meta property=\"og:url\" content=\"https:\/\/melusina.fr\/decouvertes\/cest-ou\/\" \/>\n<meta property=\"og:site_name\" content=\"Melusina D\u00e9couvertes\" \/>\n<meta property=\"article:modified_time\" content=\"2022-03-23T12:24:34+00:00\" \/>\n<meta property=\"og:image\" content=\"https:\/\/melusina.fr\/decouvertes\/wp-content\/uploads\/sites\/3\/2022\/03\/plan-decouvertes-1.jpg\" \/>\n\t<meta property=\"og:image:width\" content=\"800\" \/>\n\t<meta property=\"og:image:height\" content=\"540\" \/>\n\t<meta property=\"og:image:type\" content=\"image\/jpeg\" \/>\n<meta name=\"twitter:card\" content=\"summary_large_image\" \/>\n<meta name=\"twitter:label1\" content=\"Dur\u00e9e de lecture estim\u00e9e\" \/>\n\t<meta name=\"twitter:data1\" content=\"2 minutes\" \/>\n<script type=\"application\/ld+json\" class=\"yoast-schema-graph\">{\"@context\":\"https:\\\/\\\/schema.org\",\"@graph\":[{\"@type\":\"WebPage\",\"@id\":\"https:\\\/\\\/melusina.fr\\\/decouvertes\\\/cest-ou\\\/\",\"url\":\"https:\\\/\\\/melusina.fr\\\/decouvertes\\\/cest-ou\\\/\",\"name\":\"C'est o\u00f9 ? - Melusina D\u00e9couvertes\",\"isPartOf\":{\"@id\":\"https:\\\/\\\/melusina.fr\\\/decouvertes\\\/#website\"},\"primaryImageOfPage\":{\"@id\":\"https:\\\/\\\/melusina.fr\\\/decouvertes\\\/cest-ou\\\/#primaryimage\"},\"image\":{\"@id\":\"https:\\\/\\\/melusina.fr\\\/decouvertes\\\/cest-ou\\\/#primaryimage\"},\"thumbnailUrl\":\"https:\\\/\\\/melusina.fr\\\/decouvertes\\\/wp-content\\\/uploads\\\/sites\\\/3\\\/2022\\\/03\\\/plan-decouvertes-1.jpg\",\"datePublished\":\"2022-03-22T16:27:59+00:00\",\"dateModified\":\"2022-03-23T12:24:34+00:00\",\"breadcrumb\":{\"@id\":\"https:\\\/\\\/melusina.fr\\\/decouvertes\\\/cest-ou\\\/#breadcrumb\"},\"inLanguage\":\"fr-FR\",\"potentialAction\":[{\"@type\":\"ReadAction\",\"target\":[\"https:\\\/\\\/melusina.fr\\\/decouvertes\\\/cest-ou\\\/\"]}]},{\"@type\":\"ImageObject\",\"inLanguage\":\"fr-FR\",\"@id\":\"https:\\\/\\\/melusina.fr\\\/decouvertes\\\/cest-ou\\\/#primaryimage\",\"url\":\"https:\\\/\\\/melusina.fr\\\/decouvertes\\\/wp-content\\\/uploads\\\/sites\\\/3\\\/2022\\\/03\\\/plan-decouvertes-1.jpg\",\"contentUrl\":\"https:\\\/\\\/melusina.fr\\\/decouvertes\\\/wp-content\\\/uploads\\\/sites\\\/3\\\/2022\\\/03\\\/plan-decouvertes-1.jpg\",\"width\":800,\"height\":540},{\"@type\":\"BreadcrumbList\",\"@id\":\"https:\\\/\\\/melusina.fr\\\/decouvertes\\\/cest-ou\\\/#breadcrumb\",\"itemListElement\":[{\"@type\":\"ListItem\",\"position\":1,\"name\":\"Accueil\",\"item\":\"https:\\\/\\\/melusina.fr\\\/decouvertes\\\/\"},{\"@type\":\"ListItem\",\"position\":2,\"name\":\"C&rsquo;est o\u00f9 ?\"}]},{\"@type\":\"WebSite\",\"@id\":\"https:\\\/\\\/melusina.fr\\\/decouvertes\\\/#website\",\"url\":\"https:\\\/\\\/melusina.fr\\\/decouvertes\\\/\",\"name\":\"Melusina D\u00e9couvertes\",\"description\":\"Un site utilisant Les sites de Melusina\",\"potentialAction\":[{\"@type\":\"SearchAction\",\"target\":{\"@type\":\"EntryPoint\",\"urlTemplate\":\"https:\\\/\\\/melusina.fr\\\/decouvertes\\\/?s={search_term_string}\"},\"query-input\":{\"@type\":\"PropertyValueSpecification\",\"valueRequired\":true,\"valueName\":\"search_term_string\"}}],\"inLanguage\":\"fr-FR\"}]}<\/script>\n<!-- \/ Yoast SEO Premium plugin. -->","yoast_head_json":{"title":"C'est o\u00f9 ? - Melusina D\u00e9couvertes","robots":{"index":"index","follow":"follow","max-snippet":"max-snippet:-1","max-image-preview":"max-image-preview:large","max-video-preview":"max-video-preview:-1"},"canonical":"https:\/\/melusina.fr\/decouvertes\/cest-ou\/","og_locale":"fr_FR","og_type":"article","og_title":"C'est o\u00f9 ?","og_description":"Un emplacement strat\u00e9gique et ses points forts Le coeur du centre ville demeure un endroit incontournable et le plus fr\u00e9quent\u00e9 de Loudun. R\u00e9sidents, locaux ou encore vacanciers y viennent pour les march\u00e9s du mardi et du samedi. Les Loudunais viennent \u00e0 la m\u00e9diath\u00e8que. Voir une expo \u00e0 la Coll\u00e9giale Ste-Croix ou assister \u00e0 un concert &hellip;","og_url":"https:\/\/melusina.fr\/decouvertes\/cest-ou\/","og_site_name":"Melusina D\u00e9couvertes","article_modified_time":"2022-03-23T12:24:34+00:00","og_image":[{"width":800,"height":540,"url":"https:\/\/melusina.fr\/decouvertes\/wp-content\/uploads\/sites\/3\/2022\/03\/plan-decouvertes-1.jpg","type":"image\/jpeg"}],"twitter_card":"summary_large_image","twitter_misc":{"Dur\u00e9e de lecture estim\u00e9e":"2 minutes"},"schema":{"@context":"https:\/\/schema.org","@graph":[{"@type":"WebPage","@id":"https:\/\/melusina.fr\/decouvertes\/cest-ou\/","url":"https:\/\/melusina.fr\/decouvertes\/cest-ou\/","name":"C'est o\u00f9 ? - Melusina D\u00e9couvertes","isPartOf":{"@id":"https:\/\/melusina.fr\/decouvertes\/#website"},"primaryImageOfPage":{"@id":"https:\/\/melusina.fr\/decouvertes\/cest-ou\/#primaryimage"},"image":{"@id":"https:\/\/melusina.fr\/decouvertes\/cest-ou\/#primaryimage"},"thumbnailUrl":"https:\/\/melusina.fr\/decouvertes\/wp-content\/uploads\/sites\/3\/2022\/03\/plan-decouvertes-1.jpg","datePublished":"2022-03-22T16:27:59+00:00","dateModified":"2022-03-23T12:24:34+00:00","breadcrumb":{"@id":"https:\/\/melusina.fr\/decouvertes\/cest-ou\/#breadcrumb"},"inLanguage":"fr-FR","potentialAction":[{"@type":"ReadAction","target":["https:\/\/melusina.fr\/decouvertes\/cest-ou\/"]}]},{"@type":"ImageObject","inLanguage":"fr-FR","@id":"https:\/\/melusina.fr\/decouvertes\/cest-ou\/#primaryimage","url":"https:\/\/melusina.fr\/decouvertes\/wp-content\/uploads\/sites\/3\/2022\/03\/plan-decouvertes-1.jpg","contentUrl":"https:\/\/melusina.fr\/decouvertes\/wp-content\/uploads\/sites\/3\/2022\/03\/plan-decouvertes-1.jpg","width":800,"height":540},{"@type":"BreadcrumbList","@id":"https:\/\/melusina.fr\/decouvertes\/cest-ou\/#breadcrumb","itemListElement":[{"@type":"ListItem","position":1,"name":"Accueil","item":"https:\/\/melusina.fr\/decouvertes\/"},{"@type":"ListItem","position":2,"name":"C&rsquo;est o\u00f9 ?"}]},{"@type":"WebSite","@id":"https:\/\/melusina.fr\/decouvertes\/#website","url":"https:\/\/melusina.fr\/decouvertes\/","name":"Melusina D\u00e9couvertes","description":"Un site utilisant Les sites de Melusina","potentialAction":[{"@type":"SearchAction","target":{"@type":"EntryPoint","urlTemplate":"https:\/\/melusina.fr\/decouvertes\/?s={search_term_string}"},"query-input":{"@type":"PropertyValueSpecification","valueRequired":true,"valueName":"search_term_string"}}],"inLanguage":"fr-FR"}]}},"_links":{"self":[{"href":"https:\/\/melusina.fr\/decouvertes\/wp-json\/wp\/v2\/pages\/15","targetHints":{"allow":["GET"]}}],"collection":[{"href":"https:\/\/melusina.fr\/decouvertes\/wp-json\/wp\/v2\/pages"}],"about":[{"href":"https:\/\/melusina.fr\/decouvertes\/wp-json\/wp\/v2\/types\/page"}],"author":[{"embeddable":true,"href":"https:\/\/melusina.fr\/decouvertes\/wp-json\/wp\/v2\/users\/1"}],"replies":[{"embeddable":true,"href":"https:\/\/melusina.fr\/decouvertes\/wp-json\/wp\/v2\/comments?post=15"}],"version-history":[{"count":6,"href":"https:\/\/melusina.fr\/decouvertes\/wp-json\/wp\/v2\/pages\/15\/revisions"}],"predecessor-version":[{"id":78,"href":"https:\/\/melusina.fr\/decouvertes\/wp-json\/wp\/v2\/pages\/15\/revisions\/78"}],"wp:featuredmedia":[{"embeddable":true,"href":"https:\/\/melusina.fr\/decouvertes\/wp-json\/wp\/v2\/media\/69"}],"wp:attachment":[{"href":"https:\/\/melusina.fr\/decouvertes\/wp-json\/wp\/v2\/media?parent=15"}],"curies":[{"name":"wp","href":"https:\/\/api.w.org\/{rel}","templated":true}]}}