{"id":13,"date":"2022-03-22T17:26:19","date_gmt":"2022-03-22T16:26:19","guid":{"rendered":"https:\/\/melusina.fr\/decouvertes\/?page_id=13"},"modified":"2022-03-22T17:46:46","modified_gmt":"2022-03-22T16:46:46","slug":"concept","status":"publish","type":"page","link":"https:\/\/melusina.fr\/decouvertes\/concept\/","title":{"rendered":"Concept"},"content":{"rendered":"\n\t\t<div class=\"tie-padding  has-padding-left has-padding-right\" style=\"padding-left:10%; padding-right:10%; padding-top:0; padding-bottom:0;\">\n\t\t\t<p>\n<blockquote><p>Profitez de notre solution de proximit\u00e9 innovante \u00ab Melusina D\u00e9couvertes \u00bb<\/p><\/blockquote>\n<p><strong>Melusina D\u00e9couvertes<\/strong> ce sont des <strong>espaces-vitrine \u00e9ph\u00e9m\u00e8res<\/strong> qui se comportent comme des espaces publicitaires physiques.<\/p>\n<p>Ils vous procurent un <strong>maximum ou un surcroit de visibilit\u00e9<\/strong> en vous exposant dans l\u2019endroit le mieux situ\u00e9 de la <strong>ville de Loudun<\/strong>.<\/p>\n<p>Il s\u2019agit d\u2019espaces \u00e9ph\u00e9m\u00e8res (<em>comme les boutiques de la m\u00eame appellation<\/em>) mais <strong>sans toutes les contraintes<\/strong> qui leur sont li\u00e9es.<\/p>\n<p><em><strong>Envie d&rsquo;en savoir plus&#8230;<\/strong><\/em><\/p>\n<p><a href=\"https:\/\/melusina.fr\/decouvertes\/cest-ou\/\"><strong>OK mais c&rsquo;est o\u00f9 ?<\/strong><\/a><\/p>\n<p><a href=\"https:\/\/melusina.fr\/decouvertes\/pour-qui\/\"><strong>Oui alors c&rsquo;est pour qui ?<\/strong><\/a><\/p>\n<p><a href=\"https:\/\/melusina.fr\/decouvertes\/pourquoi\/\"><strong>Certes mais pourquoi ?<\/strong><\/a><\/p>\n<p><a href=\"https:\/\/melusina.fr\/decouvertes\/comment\/\"><strong>Bon je fais comment ?<\/strong><\/a><\/p>\n<\/p>\n\t\t<\/div>\n\t\n","protected":false},"excerpt":{"rendered":"<p>Profitez de notre solution de proximit\u00e9 innovante \u00ab Melusina D\u00e9couvertes \u00bb Melusina D\u00e9couvertes ce sont des espaces-vitrine \u00e9ph\u00e9m\u00e8res qui se comportent comme des espaces publicitaires physiques. Ils vous procurent un maximum ou un surcroit de visibilit\u00e9 en vous exposant dans l\u2019endroit le mieux situ\u00e9 de la ville de Loudun. Il s\u2019agit d\u2019espaces \u00e9ph\u00e9m\u00e8res (comme les &hellip;<\/p>\n","protected":false},"author":1,"featured_media":0,"parent":0,"menu_order":0,"comment_status":"closed","ping_status":"closed","template":"","meta":{"footnotes":""},"class_list":["post-13","page","type-page","status-publish","hentry"],"yoast_head":"<!-- This site is optimized with the Yoast SEO Premium plugin v26.2 (Yoast SEO v27.5) - https:\/\/yoast.com\/product\/yoast-seo-premium-wordpress\/ -->\n<title>Concept - Melusina D\u00e9couvertes<\/title>\n<meta name=\"robots\" content=\"index, follow, max-snippet:-1, max-image-preview:large, max-video-preview:-1\" \/>\n<link rel=\"canonical\" href=\"https:\/\/melusina.fr\/decouvertes\/concept\/\" \/>\n<meta property=\"og:locale\" content=\"fr_FR\" \/>\n<meta property=\"og:type\" content=\"article\" \/>\n<meta property=\"og:title\" content=\"Concept\" \/>\n<meta property=\"og:description\" content=\"Profitez de notre solution de proximit\u00e9 innovante \u00ab Melusina D\u00e9couvertes \u00bb Melusina D\u00e9couvertes ce sont des espaces-vitrine \u00e9ph\u00e9m\u00e8res qui se comportent comme des espaces publicitaires physiques. Ils vous procurent un maximum ou un surcroit de visibilit\u00e9 en vous exposant dans l\u2019endroit le mieux situ\u00e9 de la ville de Loudun. Il s\u2019agit d\u2019espaces \u00e9ph\u00e9m\u00e8res (comme les &hellip;\" \/>\n<meta property=\"og:url\" content=\"https:\/\/melusina.fr\/decouvertes\/concept\/\" \/>\n<meta property=\"og:site_name\" content=\"Melusina D\u00e9couvertes\" \/>\n<meta property=\"article:modified_time\" content=\"2022-03-22T16:46:46+00:00\" \/>\n<meta name=\"twitter:card\" content=\"summary_large_image\" \/>\n<meta name=\"twitter:label1\" content=\"Dur\u00e9e de lecture estim\u00e9e\" \/>\n\t<meta name=\"twitter:data1\" content=\"1 minute\" \/>\n<script type=\"application\/ld+json\" class=\"yoast-schema-graph\">{\"@context\":\"https:\\\/\\\/schema.org\",\"@graph\":[{\"@type\":\"WebPage\",\"@id\":\"https:\\\/\\\/melusina.fr\\\/decouvertes\\\/concept\\\/\",\"url\":\"https:\\\/\\\/melusina.fr\\\/decouvertes\\\/concept\\\/\",\"name\":\"Concept - Melusina D\u00e9couvertes\",\"isPartOf\":{\"@id\":\"https:\\\/\\\/melusina.fr\\\/decouvertes\\\/#website\"},\"datePublished\":\"2022-03-22T16:26:19+00:00\",\"dateModified\":\"2022-03-22T16:46:46+00:00\",\"breadcrumb\":{\"@id\":\"https:\\\/\\\/melusina.fr\\\/decouvertes\\\/concept\\\/#breadcrumb\"},\"inLanguage\":\"fr-FR\",\"potentialAction\":[{\"@type\":\"ReadAction\",\"target\":[\"https:\\\/\\\/melusina.fr\\\/decouvertes\\\/concept\\\/\"]}]},{\"@type\":\"BreadcrumbList\",\"@id\":\"https:\\\/\\\/melusina.fr\\\/decouvertes\\\/concept\\\/#breadcrumb\",\"itemListElement\":[{\"@type\":\"ListItem\",\"position\":1,\"name\":\"Accueil\",\"item\":\"https:\\\/\\\/melusina.fr\\\/decouvertes\\\/\"},{\"@type\":\"ListItem\",\"position\":2,\"name\":\"Concept\"}]},{\"@type\":\"WebSite\",\"@id\":\"https:\\\/\\\/melusina.fr\\\/decouvertes\\\/#website\",\"url\":\"https:\\\/\\\/melusina.fr\\\/decouvertes\\\/\",\"name\":\"Melusina D\u00e9couvertes\",\"description\":\"Un site utilisant Les sites de Melusina\",\"potentialAction\":[{\"@type\":\"SearchAction\",\"target\":{\"@type\":\"EntryPoint\",\"urlTemplate\":\"https:\\\/\\\/melusina.fr\\\/decouvertes\\\/?s={search_term_string}\"},\"query-input\":{\"@type\":\"PropertyValueSpecification\",\"valueRequired\":true,\"valueName\":\"search_term_string\"}}],\"inLanguage\":\"fr-FR\"}]}<\/script>\n<!-- \/ Yoast SEO Premium plugin. -->","yoast_head_json":{"title":"Concept - Melusina D\u00e9couvertes","robots":{"index":"index","follow":"follow","max-snippet":"max-snippet:-1","max-image-preview":"max-image-preview:large","max-video-preview":"max-video-preview:-1"},"canonical":"https:\/\/melusina.fr\/decouvertes\/concept\/","og_locale":"fr_FR","og_type":"article","og_title":"Concept","og_description":"Profitez de notre solution de proximit\u00e9 innovante \u00ab Melusina D\u00e9couvertes \u00bb Melusina D\u00e9couvertes ce sont des espaces-vitrine \u00e9ph\u00e9m\u00e8res qui se comportent comme des espaces publicitaires physiques. Ils vous procurent un maximum ou un surcroit de visibilit\u00e9 en vous exposant dans l\u2019endroit le mieux situ\u00e9 de la ville de Loudun. Il s\u2019agit d\u2019espaces \u00e9ph\u00e9m\u00e8res (comme les &hellip;","og_url":"https:\/\/melusina.fr\/decouvertes\/concept\/","og_site_name":"Melusina D\u00e9couvertes","article_modified_time":"2022-03-22T16:46:46+00:00","twitter_card":"summary_large_image","twitter_misc":{"Dur\u00e9e de lecture estim\u00e9e":"1 minute"},"schema":{"@context":"https:\/\/schema.org","@graph":[{"@type":"WebPage","@id":"https:\/\/melusina.fr\/decouvertes\/concept\/","url":"https:\/\/melusina.fr\/decouvertes\/concept\/","name":"Concept - Melusina D\u00e9couvertes","isPartOf":{"@id":"https:\/\/melusina.fr\/decouvertes\/#website"},"datePublished":"2022-03-22T16:26:19+00:00","dateModified":"2022-03-22T16:46:46+00:00","breadcrumb":{"@id":"https:\/\/melusina.fr\/decouvertes\/concept\/#breadcrumb"},"inLanguage":"fr-FR","potentialAction":[{"@type":"ReadAction","target":["https:\/\/melusina.fr\/decouvertes\/concept\/"]}]},{"@type":"BreadcrumbList","@id":"https:\/\/melusina.fr\/decouvertes\/concept\/#breadcrumb","itemListElement":[{"@type":"ListItem","position":1,"name":"Accueil","item":"https:\/\/melusina.fr\/decouvertes\/"},{"@type":"ListItem","position":2,"name":"Concept"}]},{"@type":"WebSite","@id":"https:\/\/melusina.fr\/decouvertes\/#website","url":"https:\/\/melusina.fr\/decouvertes\/","name":"Melusina D\u00e9couvertes","description":"Un site utilisant Les sites de Melusina","potentialAction":[{"@type":"SearchAction","target":{"@type":"EntryPoint","urlTemplate":"https:\/\/melusina.fr\/decouvertes\/?s={search_term_string}"},"query-input":{"@type":"PropertyValueSpecification","valueRequired":true,"valueName":"search_term_string"}}],"inLanguage":"fr-FR"}]}},"_links":{"self":[{"href":"https:\/\/melusina.fr\/decouvertes\/wp-json\/wp\/v2\/pages\/13","targetHints":{"allow":["GET"]}}],"collection":[{"href":"https:\/\/melusina.fr\/decouvertes\/wp-json\/wp\/v2\/pages"}],"about":[{"href":"https:\/\/melusina.fr\/decouvertes\/wp-json\/wp\/v2\/types\/page"}],"author":[{"embeddable":true,"href":"https:\/\/melusina.fr\/decouvertes\/wp-json\/wp\/v2\/users\/1"}],"replies":[{"embeddable":true,"href":"https:\/\/melusina.fr\/decouvertes\/wp-json\/wp\/v2\/comments?post=13"}],"version-history":[{"count":3,"href":"https:\/\/melusina.fr\/decouvertes\/wp-json\/wp\/v2\/pages\/13\/revisions"}],"predecessor-version":[{"id":32,"href":"https:\/\/melusina.fr\/decouvertes\/wp-json\/wp\/v2\/pages\/13\/revisions\/32"}],"wp:attachment":[{"href":"https:\/\/melusina.fr\/decouvertes\/wp-json\/wp\/v2\/media?parent=13"}],"curies":[{"name":"wp","href":"https:\/\/api.w.org\/{rel}","templated":true}]}}