{"id":111,"date":"2022-03-25T09:21:20","date_gmt":"2022-03-25T08:21:20","guid":{"rendered":"https:\/\/melusina.fr\/decouvertes\/?page_id=111"},"modified":"2022-03-28T08:08:48","modified_gmt":"2022-03-28T06:08:48","slug":"contact","status":"publish","type":"page","link":"https:\/\/melusina.fr\/decouvertes\/contact\/","title":{"rendered":"Contact"},"content":{"rendered":"<p><em><strong>Envie d&rsquo;exposer.<\/strong><\/em><br \/>\nVous pouvez nous contacter tout simplement en utilisant ici notre <a href=\"mailto:alain@melusina.fr ?Subject=Exposer dans une vitrine Melusina Decouvertes\" target=\"_blank\" rel=\"noopener\"><strong>messagerie email<\/strong><\/a><\/p>\n<p>Vous pouvez aussi <strong>nous rencontrer<\/strong> en sollicitant un <strong>RDV<\/strong>.<br \/>\n<em>Nous sommes g\u00e9n\u00e9ralement pr\u00e9sents sur place le samedi matin.<\/em><\/p>\n<p><img decoding=\"async\" class=\"details-image aligncenter\" draggable=\"false\" src=\"https:\/\/melusina.fr\/wp-content\/uploads\/2022\/01\/whoo.jpg\" alt=\"\" \/><\/p>\n<p><strong>Boris et Alain Lejude , ainsi que bien entendu Melusine seraient heureux de vous compter parmi les exposants profitant de l&rsquo;espace \u00ab\u00a0Melusina D\u00e9couvertes\u00a0\u00bb.<\/strong><\/p>\n","protected":false},"excerpt":{"rendered":"<p>Envie d&rsquo;exposer. Vous pouvez nous contacter tout simplement en utilisant ici notre messagerie email Vous pouvez aussi nous rencontrer en sollicitant un RDV. Nous sommes g\u00e9n\u00e9ralement pr\u00e9sents sur place le samedi matin. Boris et Alain Lejude , ainsi que bien entendu Melusine seraient heureux de vous compter parmi les exposants profitant de l&rsquo;espace \u00ab\u00a0Melusina D\u00e9couvertes\u00a0\u00bb.<\/p>\n","protected":false},"author":1,"featured_media":0,"parent":0,"menu_order":0,"comment_status":"closed","ping_status":"closed","template":"","meta":{"footnotes":""},"class_list":["post-111","page","type-page","status-publish","hentry"],"yoast_head":"<!-- This site is optimized with the Yoast SEO Premium plugin v26.2 (Yoast SEO v27.4) - https:\/\/yoast.com\/product\/yoast-seo-premium-wordpress\/ -->\n<title>Contact - Melusina D\u00e9couvertes<\/title>\n<meta name=\"robots\" content=\"index, follow, max-snippet:-1, max-image-preview:large, max-video-preview:-1\" \/>\n<link rel=\"canonical\" href=\"https:\/\/melusina.fr\/decouvertes\/contact\/\" \/>\n<meta property=\"og:locale\" content=\"fr_FR\" \/>\n<meta property=\"og:type\" content=\"article\" \/>\n<meta property=\"og:title\" content=\"Contact\" \/>\n<meta property=\"og:description\" content=\"Envie d&rsquo;exposer. Vous pouvez nous contacter tout simplement en utilisant ici notre messagerie email Vous pouvez aussi nous rencontrer en sollicitant un RDV. Nous sommes g\u00e9n\u00e9ralement pr\u00e9sents sur place le samedi matin. Boris et Alain Lejude , ainsi que bien entendu Melusine seraient heureux de vous compter parmi les exposants profitant de l&rsquo;espace \u00ab\u00a0Melusina D\u00e9couvertes\u00a0\u00bb.\" \/>\n<meta property=\"og:url\" content=\"https:\/\/melusina.fr\/decouvertes\/contact\/\" \/>\n<meta property=\"og:site_name\" content=\"Melusina D\u00e9couvertes\" \/>\n<meta property=\"article:modified_time\" content=\"2022-03-28T06:08:48+00:00\" \/>\n<meta property=\"og:image\" content=\"https:\/\/melusina.fr\/wp-content\/uploads\/2022\/01\/whoo.jpg\" \/>\n<meta name=\"twitter:card\" content=\"summary_large_image\" \/>\n<script type=\"application\/ld+json\" class=\"yoast-schema-graph\">{\"@context\":\"https:\\\/\\\/schema.org\",\"@graph\":[{\"@type\":\"WebPage\",\"@id\":\"https:\\\/\\\/melusina.fr\\\/decouvertes\\\/contact\\\/\",\"url\":\"https:\\\/\\\/melusina.fr\\\/decouvertes\\\/contact\\\/\",\"name\":\"Contact - Melusina D\u00e9couvertes\",\"isPartOf\":{\"@id\":\"https:\\\/\\\/melusina.fr\\\/decouvertes\\\/#website\"},\"primaryImageOfPage\":{\"@id\":\"https:\\\/\\\/melusina.fr\\\/decouvertes\\\/contact\\\/#primaryimage\"},\"image\":{\"@id\":\"https:\\\/\\\/melusina.fr\\\/decouvertes\\\/contact\\\/#primaryimage\"},\"thumbnailUrl\":\"https:\\\/\\\/melusina.fr\\\/wp-content\\\/uploads\\\/2022\\\/01\\\/whoo.jpg\",\"datePublished\":\"2022-03-25T08:21:20+00:00\",\"dateModified\":\"2022-03-28T06:08:48+00:00\",\"breadcrumb\":{\"@id\":\"https:\\\/\\\/melusina.fr\\\/decouvertes\\\/contact\\\/#breadcrumb\"},\"inLanguage\":\"fr-FR\",\"potentialAction\":[{\"@type\":\"ReadAction\",\"target\":[\"https:\\\/\\\/melusina.fr\\\/decouvertes\\\/contact\\\/\"]}]},{\"@type\":\"ImageObject\",\"inLanguage\":\"fr-FR\",\"@id\":\"https:\\\/\\\/melusina.fr\\\/decouvertes\\\/contact\\\/#primaryimage\",\"url\":\"https:\\\/\\\/melusina.fr\\\/wp-content\\\/uploads\\\/2022\\\/01\\\/whoo.jpg\",\"contentUrl\":\"https:\\\/\\\/melusina.fr\\\/wp-content\\\/uploads\\\/2022\\\/01\\\/whoo.jpg\"},{\"@type\":\"BreadcrumbList\",\"@id\":\"https:\\\/\\\/melusina.fr\\\/decouvertes\\\/contact\\\/#breadcrumb\",\"itemListElement\":[{\"@type\":\"ListItem\",\"position\":1,\"name\":\"Accueil\",\"item\":\"https:\\\/\\\/melusina.fr\\\/decouvertes\\\/\"},{\"@type\":\"ListItem\",\"position\":2,\"name\":\"Contact\"}]},{\"@type\":\"WebSite\",\"@id\":\"https:\\\/\\\/melusina.fr\\\/decouvertes\\\/#website\",\"url\":\"https:\\\/\\\/melusina.fr\\\/decouvertes\\\/\",\"name\":\"Melusina D\u00e9couvertes\",\"description\":\"Un site utilisant Les sites de Melusina\",\"potentialAction\":[{\"@type\":\"SearchAction\",\"target\":{\"@type\":\"EntryPoint\",\"urlTemplate\":\"https:\\\/\\\/melusina.fr\\\/decouvertes\\\/?s={search_term_string}\"},\"query-input\":{\"@type\":\"PropertyValueSpecification\",\"valueRequired\":true,\"valueName\":\"search_term_string\"}}],\"inLanguage\":\"fr-FR\"}]}<\/script>\n<!-- \/ Yoast SEO Premium plugin. -->","yoast_head_json":{"title":"Contact - Melusina D\u00e9couvertes","robots":{"index":"index","follow":"follow","max-snippet":"max-snippet:-1","max-image-preview":"max-image-preview:large","max-video-preview":"max-video-preview:-1"},"canonical":"https:\/\/melusina.fr\/decouvertes\/contact\/","og_locale":"fr_FR","og_type":"article","og_title":"Contact","og_description":"Envie d&rsquo;exposer. Vous pouvez nous contacter tout simplement en utilisant ici notre messagerie email Vous pouvez aussi nous rencontrer en sollicitant un RDV. Nous sommes g\u00e9n\u00e9ralement pr\u00e9sents sur place le samedi matin. Boris et Alain Lejude , ainsi que bien entendu Melusine seraient heureux de vous compter parmi les exposants profitant de l&rsquo;espace \u00ab\u00a0Melusina D\u00e9couvertes\u00a0\u00bb.","og_url":"https:\/\/melusina.fr\/decouvertes\/contact\/","og_site_name":"Melusina D\u00e9couvertes","article_modified_time":"2022-03-28T06:08:48+00:00","og_image":[{"url":"https:\/\/melusina.fr\/wp-content\/uploads\/2022\/01\/whoo.jpg","type":"","width":"","height":""}],"twitter_card":"summary_large_image","schema":{"@context":"https:\/\/schema.org","@graph":[{"@type":"WebPage","@id":"https:\/\/melusina.fr\/decouvertes\/contact\/","url":"https:\/\/melusina.fr\/decouvertes\/contact\/","name":"Contact - Melusina D\u00e9couvertes","isPartOf":{"@id":"https:\/\/melusina.fr\/decouvertes\/#website"},"primaryImageOfPage":{"@id":"https:\/\/melusina.fr\/decouvertes\/contact\/#primaryimage"},"image":{"@id":"https:\/\/melusina.fr\/decouvertes\/contact\/#primaryimage"},"thumbnailUrl":"https:\/\/melusina.fr\/wp-content\/uploads\/2022\/01\/whoo.jpg","datePublished":"2022-03-25T08:21:20+00:00","dateModified":"2022-03-28T06:08:48+00:00","breadcrumb":{"@id":"https:\/\/melusina.fr\/decouvertes\/contact\/#breadcrumb"},"inLanguage":"fr-FR","potentialAction":[{"@type":"ReadAction","target":["https:\/\/melusina.fr\/decouvertes\/contact\/"]}]},{"@type":"ImageObject","inLanguage":"fr-FR","@id":"https:\/\/melusina.fr\/decouvertes\/contact\/#primaryimage","url":"https:\/\/melusina.fr\/wp-content\/uploads\/2022\/01\/whoo.jpg","contentUrl":"https:\/\/melusina.fr\/wp-content\/uploads\/2022\/01\/whoo.jpg"},{"@type":"BreadcrumbList","@id":"https:\/\/melusina.fr\/decouvertes\/contact\/#breadcrumb","itemListElement":[{"@type":"ListItem","position":1,"name":"Accueil","item":"https:\/\/melusina.fr\/decouvertes\/"},{"@type":"ListItem","position":2,"name":"Contact"}]},{"@type":"WebSite","@id":"https:\/\/melusina.fr\/decouvertes\/#website","url":"https:\/\/melusina.fr\/decouvertes\/","name":"Melusina D\u00e9couvertes","description":"Un site utilisant Les sites de Melusina","potentialAction":[{"@type":"SearchAction","target":{"@type":"EntryPoint","urlTemplate":"https:\/\/melusina.fr\/decouvertes\/?s={search_term_string}"},"query-input":{"@type":"PropertyValueSpecification","valueRequired":true,"valueName":"search_term_string"}}],"inLanguage":"fr-FR"}]}},"_links":{"self":[{"href":"https:\/\/melusina.fr\/decouvertes\/wp-json\/wp\/v2\/pages\/111","targetHints":{"allow":["GET"]}}],"collection":[{"href":"https:\/\/melusina.fr\/decouvertes\/wp-json\/wp\/v2\/pages"}],"about":[{"href":"https:\/\/melusina.fr\/decouvertes\/wp-json\/wp\/v2\/types\/page"}],"author":[{"embeddable":true,"href":"https:\/\/melusina.fr\/decouvertes\/wp-json\/wp\/v2\/users\/1"}],"replies":[{"embeddable":true,"href":"https:\/\/melusina.fr\/decouvertes\/wp-json\/wp\/v2\/comments?post=111"}],"version-history":[{"count":9,"href":"https:\/\/melusina.fr\/decouvertes\/wp-json\/wp\/v2\/pages\/111\/revisions"}],"predecessor-version":[{"id":127,"href":"https:\/\/melusina.fr\/decouvertes\/wp-json\/wp\/v2\/pages\/111\/revisions\/127"}],"wp:attachment":[{"href":"https:\/\/melusina.fr\/decouvertes\/wp-json\/wp\/v2\/media?parent=111"}],"curies":[{"name":"wp","href":"https:\/\/api.w.org\/{rel}","templated":true}]}}